{"id":6653,"date":"2021-04-22T13:54:04","date_gmt":"2021-04-22T11:54:04","guid":{"rendered":"https:\/\/lacroixdeschamps.deelow.com\/?page_id=6653"},"modified":"2023-11-14T20:18:03","modified_gmt":"2023-11-14T19:18:03","slug":"virtual-tours","status":"publish","type":"page","link":"https:\/\/lacroixdeschamps.deelow.com\/en\/virtual-tours\/","title":{"rendered":"Virtual tours"},"content":{"rendered":"<div id='layer_slider_1'  class='avia-layerslider main_color avia-shadow  avia-builder-el-0  el_before_av_one_full  avia-builder-el-first  container_wrap fullsize'  style='height: 151px; max-width: 1600px; margin: 0 auto;'  ><div id=\"layerslider_8_dldbz49a6oft\"  class=\"ls-wp-container fitvidsignore ls-selectable\" style=\"width:1600px;height:150px;margin:0 auto;margin-bottom: 0px;\"><div class=\"ls-slide\" data-ls=\"duration:6000;\"><img loading=\"lazy\" decoding=\"async\" width=\"1600\" height=\"150\" src=\"https:\/\/lacroixdeschamps.deelow.com\/wp-content\/uploads\/2020\/05\/ls-slider-8-slide-2-1.jpg\" class=\"ls-tn\" alt=\"\" srcset=\"https:\/\/lacroixdeschamps.deelow.com\/wp-content\/uploads\/2020\/05\/ls-slider-8-slide-2-1.jpg 1600w, https:\/\/lacroixdeschamps.deelow.com\/wp-content\/uploads\/2020\/05\/ls-slider-8-slide-2-1-300x28.jpg 300w, https:\/\/lacroixdeschamps.deelow.com\/wp-content\/uploads\/2020\/05\/ls-slider-8-slide-2-1-1030x97.jpg 1030w, https:\/\/lacroixdeschamps.deelow.com\/wp-content\/uploads\/2020\/05\/ls-slider-8-slide-2-1-768x72.jpg 768w, https:\/\/lacroixdeschamps.deelow.com\/wp-content\/uploads\/2020\/05\/ls-slider-8-slide-2-1-1536x144.jpg 1536w, https:\/\/lacroixdeschamps.deelow.com\/wp-content\/uploads\/2020\/05\/ls-slider-8-slide-2-1-1500x141.jpg 1500w, https:\/\/lacroixdeschamps.deelow.com\/wp-content\/uploads\/2020\/05\/ls-slider-8-slide-2-1-705x66.jpg 705w\" sizes=\"auto, (max-width: 1600px) 100vw, 1600px\" \/><img loading=\"lazy\" decoding=\"async\" width=\"1600\" height=\"150\" src=\"https:\/\/lacroixdeschamps.deelow.com\/wp-content\/uploads\/2020\/05\/sejour-header-1.jpg\" class=\"ls-l ls-img-layer\" alt=\"\" srcset=\"https:\/\/lacroixdeschamps.deelow.com\/wp-content\/uploads\/2020\/05\/sejour-header-1.jpg 1600w, https:\/\/lacroixdeschamps.deelow.com\/wp-content\/uploads\/2020\/05\/sejour-header-1-300x28.jpg 300w, https:\/\/lacroixdeschamps.deelow.com\/wp-content\/uploads\/2020\/05\/sejour-header-1-1030x97.jpg 1030w, https:\/\/lacroixdeschamps.deelow.com\/wp-content\/uploads\/2020\/05\/sejour-header-1-768x72.jpg 768w, https:\/\/lacroixdeschamps.deelow.com\/wp-content\/uploads\/2020\/05\/sejour-header-1-1536x144.jpg 1536w, https:\/\/lacroixdeschamps.deelow.com\/wp-content\/uploads\/2020\/05\/sejour-header-1-1500x141.jpg 1500w, https:\/\/lacroixdeschamps.deelow.com\/wp-content\/uploads\/2020\/05\/sejour-header-1-705x66.jpg 705w\" sizes=\"auto, (max-width: 1600px) 100vw, 1600px\" style=\"top:0px;left:0px;width:1599px;height:149px;\" data-ls=\"position:relative;\"><\/div><div class=\"ls-slide\" data-ls=\"duration:6000;\"><img loading=\"lazy\" decoding=\"async\" width=\"1600\" height=\"900\" src=\"https:\/\/lacroixdeschamps.deelow.com\/wp-content\/uploads\/2018\/04\/randonnee-annecy.jpg\" class=\"ls-tn\" alt=\"\" srcset=\"https:\/\/lacroixdeschamps.deelow.com\/wp-content\/uploads\/2018\/04\/randonnee-annecy.jpg 1600w, https:\/\/lacroixdeschamps.deelow.com\/wp-content\/uploads\/2018\/04\/randonnee-annecy-300x169.jpg 300w, https:\/\/lacroixdeschamps.deelow.com\/wp-content\/uploads\/2018\/04\/randonnee-annecy-768x432.jpg 768w, https:\/\/lacroixdeschamps.deelow.com\/wp-content\/uploads\/2018\/04\/randonnee-annecy-1030x579.jpg 1030w, https:\/\/lacroixdeschamps.deelow.com\/wp-content\/uploads\/2018\/04\/randonnee-annecy-1500x844.jpg 1500w, https:\/\/lacroixdeschamps.deelow.com\/wp-content\/uploads\/2018\/04\/randonnee-annecy-705x397.jpg 705w, https:\/\/lacroixdeschamps.deelow.com\/wp-content\/uploads\/2018\/04\/randonnee-annecy-450x253.jpg 450w\" sizes=\"auto, (max-width: 1600px) 100vw, 1600px\" \/><img loading=\"lazy\" decoding=\"async\" width=\"1600\" height=\"900\" src=\"https:\/\/lacroixdeschamps.deelow.com\/wp-content\/uploads\/2018\/04\/randonnee-annecy.jpg\" class=\"ls-l ls-img-layer\" alt=\"\" srcset=\"https:\/\/lacroixdeschamps.deelow.com\/wp-content\/uploads\/2018\/04\/randonnee-annecy.jpg 1600w, https:\/\/lacroixdeschamps.deelow.com\/wp-content\/uploads\/2018\/04\/randonnee-annecy-300x169.jpg 300w, https:\/\/lacroixdeschamps.deelow.com\/wp-content\/uploads\/2018\/04\/randonnee-annecy-768x432.jpg 768w, https:\/\/lacroixdeschamps.deelow.com\/wp-content\/uploads\/2018\/04\/randonnee-annecy-1030x579.jpg 1030w, https:\/\/lacroixdeschamps.deelow.com\/wp-content\/uploads\/2018\/04\/randonnee-annecy-1500x844.jpg 1500w, https:\/\/lacroixdeschamps.deelow.com\/wp-content\/uploads\/2018\/04\/randonnee-annecy-705x397.jpg 705w, https:\/\/lacroixdeschamps.deelow.com\/wp-content\/uploads\/2018\/04\/randonnee-annecy-450x253.jpg 450w\" sizes=\"auto, (max-width: 1600px) 100vw, 1600px\" style=\"top:-385px;left:-1px;width:1601px;height:901px;\" data-ls=\"position:relative;\"><\/div><\/div><\/div><div id='after_layer_slider_1'  class='main_color av_default_container_wrap container_wrap fullsize'  ><div class='container av-section-cont-open' ><div class='template-page content  av-content-full alpha units'><div class='post-entry post-entry-type-page post-entry-6653'><div class='entry-content-wrapper clearfix'>\n\n<style type=\"text\/css\" data-created_by=\"avia_inline_auto\" id=\"style-css-av-566rnz-e5b205e7d82a1e0a2be77b6edcc4aa72\">\n.flex_column.av-566rnz-e5b205e7d82a1e0a2be77b6edcc4aa72{\nborder-radius:0px 0px 0px 0px;\npadding:0px 0px 0px 0px;\n}\n<\/style>\n<div  class='flex_column av-566rnz-e5b205e7d82a1e0a2be77b6edcc4aa72 av_one_full  avia-builder-el-1  el_after_av_layerslider  el_before_av_hr  avia-builder-el-first  first flex_column_div av-zero-column-padding  '     ><style type=\"text\/css\" data-created_by=\"avia_inline_auto\" id=\"style-css-av-knstolod-1e96557a04bcdb078dd12ffd4c889716\">\n#top .av-special-heading.av-knstolod-1e96557a04bcdb078dd12ffd4c889716{\npadding-bottom:10px;\nfont-size:60px;\n}\nbody .av-special-heading.av-knstolod-1e96557a04bcdb078dd12ffd4c889716 .av-special-heading-tag .heading-char{\nfont-size:25px;\n}\n#top #wrap_all .av-special-heading.av-knstolod-1e96557a04bcdb078dd12ffd4c889716 .av-special-heading-tag{\nfont-size:60px;\n}\n.av-special-heading.av-knstolod-1e96557a04bcdb078dd12ffd4c889716 .av-subheading{\nfont-size:20px;\n}\n\n@media only screen and (min-width: 480px) and (max-width: 767px){ \n#top #wrap_all .av-special-heading.av-knstolod-1e96557a04bcdb078dd12ffd4c889716 .av-special-heading-tag{\nfont-size:0.8em;\n}\n}\n\n@media only screen and (max-width: 479px){ \n#top #wrap_all .av-special-heading.av-knstolod-1e96557a04bcdb078dd12ffd4c889716 .av-special-heading-tag{\nfont-size:0.8em;\n}\n}\n<\/style>\n<div  class='av-special-heading av-knstolod-1e96557a04bcdb078dd12ffd4c889716 av-special-heading-h1 blockquote modern-quote modern-centered  avia-builder-el-2  avia-builder-el-no-sibling  av-inherit-size'><h1 class='av-special-heading-tag '  itemprop=\"headline\"  ><span style=\"color: #787575;\">VIRTUAL<\/span> TOURS <\/h1><div class=\"special-heading-border\"><div class=\"special-heading-inner-border\"><\/div><\/div><\/div><\/div>\n\n<style type=\"text\/css\" data-created_by=\"avia_inline_auto\" id=\"style-css-av-kdemgafy-da09c999e693ec9291ef95ed7d0e052d\">\n#top .hr.av-kdemgafy-da09c999e693ec9291ef95ed7d0e052d{\nmargin-top:30px;\nmargin-bottom:30px;\n}\n.hr.av-kdemgafy-da09c999e693ec9291ef95ed7d0e052d .hr-inner{\nwidth:300px;\nmax-width:45%;\n}\n.hr.av-kdemgafy-da09c999e693ec9291ef95ed7d0e052d .av-seperator-icon{\ncolor:#59ad00;\n}\n.hr.av-kdemgafy-da09c999e693ec9291ef95ed7d0e052d .av-seperator-icon.avia-svg-icon svg:first-child{\nfill:#59ad00;\nstroke:#59ad00;\n}\n<\/style>\n<div  class='hr av-kdemgafy-da09c999e693ec9291ef95ed7d0e052d hr-custom  avia-builder-el-3  el_after_av_one_full  el_before_av_one_full  hr-center hr-icon-yes'><span class='hr-inner inner-border-av-border-thin'><span class=\"hr-inner-style\"><\/span><\/span><span class='av-seperator-icon avia-iconfont avia-font-entypo-fontello' data-av_icon='\ue8bf' data-av_iconfont='entypo-fontello' ><\/span><span class='hr-inner inner-border-av-border-thin'><span class=\"hr-inner-style\"><\/span><\/span><\/div>\n\n<style type=\"text\/css\" data-created_by=\"avia_inline_auto\" id=\"style-css-av-hlo0f-ebaded112bb7986c888a0cbbf1c0934f\">\n#top .flex_column.av-hlo0f-ebaded112bb7986c888a0cbbf1c0934f{\nmargin-top:15px;\nmargin-bottom:15px;\n}\n.flex_column.av-hlo0f-ebaded112bb7986c888a0cbbf1c0934f{\nborder-radius:3px 3px 3px 3px;\npadding:20px 20px 20px 20px;\nbackground-color:#ffffff;\n}\n.responsive #top #wrap_all .flex_column.av-hlo0f-ebaded112bb7986c888a0cbbf1c0934f{\nmargin-top:15px;\nmargin-bottom:15px;\n}\n<\/style>\n<div  class='flex_column av-hlo0f-ebaded112bb7986c888a0cbbf1c0934f av_one_full  avia-builder-el-4  el_after_av_hr  el_before_av_one_full  first flex_column_div  '     ><p>\n<style type=\"text\/css\" data-created_by=\"avia_inline_auto\" id=\"style-css-av-av_heading-31580022e5c3d6b71d475c762030939c\">\n#top .av-special-heading.av-av_heading-31580022e5c3d6b71d475c762030939c{\nmargin:10px 0 10px 0;\npadding-bottom:10px;\n}\nbody .av-special-heading.av-av_heading-31580022e5c3d6b71d475c762030939c .av-special-heading-tag .heading-char{\nfont-size:25px;\n}\n.av-special-heading.av-av_heading-31580022e5c3d6b71d475c762030939c .av-subheading{\nfont-size:15px;\n}\n<\/style>\n<div  class='av-special-heading av-av_heading-31580022e5c3d6b71d475c762030939c av-special-heading-h2 blockquote modern-quote modern-centered  avia-builder-el-5  el_before_av_codeblock  avia-builder-el-first '><h2 class='av-special-heading-tag '  itemprop=\"headline\"  >The house<\/h2><div class='av-subheading av-subheading_below'><p><span style=\"color: white;\">.<\/span><\/p>\n<\/div><div class=\"special-heading-border\"><div class=\"special-heading-inner-border\"><\/div><\/div><\/div><br \/>\n<\/p><\/div>\n<style type=\"text\/css\" data-created_by=\"avia_inline_auto\" id=\"style-css-av-hlo0f-ebaded112bb7986c888a0cbbf1c0934f\">\n#top .flex_column.av-hlo0f-ebaded112bb7986c888a0cbbf1c0934f{\nmargin-top:15px;\nmargin-bottom:15px;\n}\n.flex_column.av-hlo0f-ebaded112bb7986c888a0cbbf1c0934f{\nborder-radius:3px 3px 3px 3px;\npadding:20px 20px 20px 20px;\nbackground-color:#ffffff;\n}\n.responsive #top #wrap_all .flex_column.av-hlo0f-ebaded112bb7986c888a0cbbf1c0934f{\nmargin-top:15px;\nmargin-bottom:15px;\n}\n<\/style>\n<div  class='flex_column av-hlo0f-ebaded112bb7986c888a0cbbf1c0934f av_one_full  avia-builder-el-7  el_after_av_one_full  el_before_av_hr  first flex_column_div  column-top-margin'     ><p>\n<style type=\"text\/css\" data-created_by=\"avia_inline_auto\" id=\"style-css-av-av_heading-7016ff976daac1242834d091b80e5169\">\n#top .av-special-heading.av-av_heading-7016ff976daac1242834d091b80e5169{\nmargin:10px 0 10px 0;\npadding-bottom:10px;\n}\nbody .av-special-heading.av-av_heading-7016ff976daac1242834d091b80e5169 .av-special-heading-tag .heading-char{\nfont-size:25px;\n}\n.av-special-heading.av-av_heading-7016ff976daac1242834d091b80e5169 .av-subheading{\nfont-size:15px;\n}\n<\/style>\n<div  class='av-special-heading av-av_heading-7016ff976daac1242834d091b80e5169 av-special-heading-h2 blockquote modern-quote modern-centered  avia-builder-el-8  el_before_av_codeblock  avia-builder-el-first '><h2 class='av-special-heading-tag '  itemprop=\"headline\"  >The rooms<\/h2><div class='av-subheading av-subheading_below'><p><span style=\"color: white;\">.<\/span><\/p>\n<\/div><div class=\"special-heading-border\"><div class=\"special-heading-inner-border\"><\/div><\/div><\/div><br \/>\n<\/p><\/div>\n<style type=\"text\/css\" data-created_by=\"avia_inline_auto\" id=\"style-css-av-kdemgafy-da09c999e693ec9291ef95ed7d0e052d\">\n#top .hr.av-kdemgafy-da09c999e693ec9291ef95ed7d0e052d{\nmargin-top:30px;\nmargin-bottom:30px;\n}\n.hr.av-kdemgafy-da09c999e693ec9291ef95ed7d0e052d .hr-inner{\nwidth:300px;\nmax-width:45%;\n}\n.hr.av-kdemgafy-da09c999e693ec9291ef95ed7d0e052d .av-seperator-icon{\ncolor:#59ad00;\n}\n.hr.av-kdemgafy-da09c999e693ec9291ef95ed7d0e052d .av-seperator-icon.avia-svg-icon svg:first-child{\nfill:#59ad00;\nstroke:#59ad00;\n}\n<\/style>\n<div  class='hr av-kdemgafy-da09c999e693ec9291ef95ed7d0e052d hr-custom  avia-builder-el-10  el_after_av_one_full  avia-builder-el-last  hr-center hr-icon-yes'><span class='hr-inner inner-border-av-border-thin'><span class=\"hr-inner-style\"><\/span><\/span><span class='av-seperator-icon avia-iconfont avia-font-entypo-fontello' data-av_icon='\ue8bf' data-av_iconfont='entypo-fontello' ><\/span><span class='hr-inner inner-border-av-border-thin'><span class=\"hr-inner-style\"><\/span><\/span><\/div><\/p>\n","protected":false},"excerpt":{"rendered":"","protected":false},"author":2,"featured_media":0,"parent":0,"menu_order":0,"comment_status":"closed","ping_status":"closed","template":"","meta":{"_exactmetrics_skip_tracking":false,"_exactmetrics_sitenote_active":false,"_exactmetrics_sitenote_note":"","_exactmetrics_sitenote_category":0,"footnotes":""},"class_list":["post-6653","page","type-page","status-publish","hentry"],"yoast_head":"<!-- This site is optimized with the Yoast SEO plugin v27.0 - https:\/\/yoast.com\/product\/yoast-seo-wordpress\/ -->\n<title>Virtual tours - La Croix des Champs<\/title>\n<meta name=\"robots\" content=\"index, follow, max-snippet:-1, max-image-preview:large, max-video-preview:-1\" \/>\n<link rel=\"canonical\" href=\"https:\/\/lacroixdeschamps.deelow.com\/en\/virtual-tours\/\" \/>\n<meta property=\"og:locale\" content=\"en_US\" \/>\n<meta property=\"og:type\" content=\"article\" \/>\n<meta property=\"og:title\" content=\"Virtual tours - La Croix des Champs\" \/>\n<meta property=\"og:url\" content=\"https:\/\/lacroixdeschamps.deelow.com\/en\/virtual-tours\/\" \/>\n<meta property=\"og:site_name\" content=\"La Croix des Champs\" \/>\n<meta property=\"article:modified_time\" content=\"2023-11-14T19:18:03+00:00\" \/>\n<meta name=\"twitter:card\" content=\"summary_large_image\" \/>\n<meta name=\"twitter:label1\" content=\"Est. reading time\" \/>\n\t<meta name=\"twitter:data1\" content=\"2 minutes\" \/>\n<script type=\"application\/ld+json\" class=\"yoast-schema-graph\">{\"@context\":\"https:\/\/schema.org\",\"@graph\":[{\"@type\":\"WebPage\",\"@id\":\"https:\/\/lacroixdeschamps.deelow.com\/en\/virtual-tours\/\",\"url\":\"https:\/\/lacroixdeschamps.deelow.com\/en\/virtual-tours\/\",\"name\":\"Virtual tours - La Croix des Champs\",\"isPartOf\":{\"@id\":\"https:\/\/lacroixdeschamps.deelow.com\/#website\"},\"datePublished\":\"2021-04-22T11:54:04+00:00\",\"dateModified\":\"2023-11-14T19:18:03+00:00\",\"breadcrumb\":{\"@id\":\"https:\/\/lacroixdeschamps.deelow.com\/en\/virtual-tours\/#breadcrumb\"},\"inLanguage\":\"en-US\",\"potentialAction\":[{\"@type\":\"ReadAction\",\"target\":[\"https:\/\/lacroixdeschamps.deelow.com\/en\/virtual-tours\/\"]}]},{\"@type\":\"BreadcrumbList\",\"@id\":\"https:\/\/lacroixdeschamps.deelow.com\/en\/virtual-tours\/#breadcrumb\",\"itemListElement\":[{\"@type\":\"ListItem\",\"position\":1,\"name\":\"Accueil\",\"item\":\"https:\/\/lacroixdeschamps.deelow.com\/en\/\"},{\"@type\":\"ListItem\",\"position\":2,\"name\":\"Virtual tours\"}]},{\"@type\":\"WebSite\",\"@id\":\"https:\/\/lacroixdeschamps.deelow.com\/#website\",\"url\":\"https:\/\/lacroixdeschamps.deelow.com\/\",\"name\":\"La Croix des Champs\",\"description\":\"R\u00e9ceptions, mariages tous \u00e9v\u00e9nements\",\"potentialAction\":[{\"@type\":\"SearchAction\",\"target\":{\"@type\":\"EntryPoint\",\"urlTemplate\":\"https:\/\/lacroixdeschamps.deelow.com\/?s={search_term_string}\"},\"query-input\":{\"@type\":\"PropertyValueSpecification\",\"valueRequired\":true,\"valueName\":\"search_term_string\"}}],\"inLanguage\":\"en-US\"}]}<\/script>\n<!-- \/ Yoast SEO plugin. -->","yoast_head_json":{"title":"Virtual tours - La Croix des Champs","robots":{"index":"index","follow":"follow","max-snippet":"max-snippet:-1","max-image-preview":"max-image-preview:large","max-video-preview":"max-video-preview:-1"},"canonical":"https:\/\/lacroixdeschamps.deelow.com\/en\/virtual-tours\/","og_locale":"en_US","og_type":"article","og_title":"Virtual tours - La Croix des Champs","og_url":"https:\/\/lacroixdeschamps.deelow.com\/en\/virtual-tours\/","og_site_name":"La Croix des Champs","article_modified_time":"2023-11-14T19:18:03+00:00","twitter_card":"summary_large_image","twitter_misc":{"Est. reading time":"2 minutes"},"schema":{"@context":"https:\/\/schema.org","@graph":[{"@type":"WebPage","@id":"https:\/\/lacroixdeschamps.deelow.com\/en\/virtual-tours\/","url":"https:\/\/lacroixdeschamps.deelow.com\/en\/virtual-tours\/","name":"Virtual tours - La Croix des Champs","isPartOf":{"@id":"https:\/\/lacroixdeschamps.deelow.com\/#website"},"datePublished":"2021-04-22T11:54:04+00:00","dateModified":"2023-11-14T19:18:03+00:00","breadcrumb":{"@id":"https:\/\/lacroixdeschamps.deelow.com\/en\/virtual-tours\/#breadcrumb"},"inLanguage":"en-US","potentialAction":[{"@type":"ReadAction","target":["https:\/\/lacroixdeschamps.deelow.com\/en\/virtual-tours\/"]}]},{"@type":"BreadcrumbList","@id":"https:\/\/lacroixdeschamps.deelow.com\/en\/virtual-tours\/#breadcrumb","itemListElement":[{"@type":"ListItem","position":1,"name":"Accueil","item":"https:\/\/lacroixdeschamps.deelow.com\/en\/"},{"@type":"ListItem","position":2,"name":"Virtual tours"}]},{"@type":"WebSite","@id":"https:\/\/lacroixdeschamps.deelow.com\/#website","url":"https:\/\/lacroixdeschamps.deelow.com\/","name":"La Croix des Champs","description":"R\u00e9ceptions, mariages tous \u00e9v\u00e9nements","potentialAction":[{"@type":"SearchAction","target":{"@type":"EntryPoint","urlTemplate":"https:\/\/lacroixdeschamps.deelow.com\/?s={search_term_string}"},"query-input":{"@type":"PropertyValueSpecification","valueRequired":true,"valueName":"search_term_string"}}],"inLanguage":"en-US"}]}},"_links":{"self":[{"href":"https:\/\/lacroixdeschamps.deelow.com\/en\/wp-json\/wp\/v2\/pages\/6653","targetHints":{"allow":["GET"]}}],"collection":[{"href":"https:\/\/lacroixdeschamps.deelow.com\/en\/wp-json\/wp\/v2\/pages"}],"about":[{"href":"https:\/\/lacroixdeschamps.deelow.com\/en\/wp-json\/wp\/v2\/types\/page"}],"author":[{"embeddable":true,"href":"https:\/\/lacroixdeschamps.deelow.com\/en\/wp-json\/wp\/v2\/users\/2"}],"replies":[{"embeddable":true,"href":"https:\/\/lacroixdeschamps.deelow.com\/en\/wp-json\/wp\/v2\/comments?post=6653"}],"version-history":[{"count":4,"href":"https:\/\/lacroixdeschamps.deelow.com\/en\/wp-json\/wp\/v2\/pages\/6653\/revisions"}],"predecessor-version":[{"id":6670,"href":"https:\/\/lacroixdeschamps.deelow.com\/en\/wp-json\/wp\/v2\/pages\/6653\/revisions\/6670"}],"wp:attachment":[{"href":"https:\/\/lacroixdeschamps.deelow.com\/en\/wp-json\/wp\/v2\/media?parent=6653"}],"curies":[{"name":"wp","href":"https:\/\/api.w.org\/{rel}","templated":true}]}}